{"id":2427,"date":"2021-01-26T13:45:47","date_gmt":"2021-01-26T13:45:47","guid":{"rendered":"https:\/\/rg-collection.flywheelstaging.com\/unsere-leistungen\/"},"modified":"2022-04-06T08:36:10","modified_gmt":"2022-04-06T08:36:10","slug":"unsere-leistungen","status":"publish","type":"page","link":"https:\/\/rg-collection.com\/de\/unsere-leistungen\/","title":{"rendered":"Services"},"content":{"rendered":"<p>[vc_row content_placement=&#8220;middle&#8220;][vc_column parallax=&#8220;content-moving&#8220; parallax_image=&#8220;1896&#8243; css=&#8220;.vc_custom_1611548521511{padding-top: 200px !important;padding-bottom: 200px !important;}&#8220; offset=&#8220;vc_hidden-lg vc_hidden-md vc_hidden-sm&#8220;][\/vc_column][vc_column css=&#8220;.vc_custom_1611548637368{padding-top: 25px !important;padding-bottom: 25px !important;}&#8220; offset=&#8220;vc_hidden-lg vc_hidden-md vc_hidden-sm&#8220;]<div id=\"ultimate-heading-324069d2f52d99cbd\" class=\"uvc-heading ult-adjust-bottom-margin ultimate-heading-324069d2f52d99cbd uvc-3356  uvc-heading-default-font-sizes\" data-hspacer=\"no_spacer\"  data-halign=\"left\" style=\"text-align:left\"><div class=\"uvc-heading-spacer no_spacer\" style=\"top\"><\/div><div class=\"uvc-main-heading ult-responsive\"  data-ultimate-target='.uvc-heading.ultimate-heading-324069d2f52d99cbd h2'  data-responsive-json-new='{\"font-size\":\"\",\"line-height\":\"\"}' ><h2 style=\"--font-weight:theme;margin-bottom:20px;\">Sales Repr\u00e4sentation<\/h2><\/div><div class=\"uvc-sub-heading ult-responsive\"  data-ultimate-target='.uvc-heading.ultimate-heading-324069d2f52d99cbd .uvc-sub-heading '  data-responsive-json-new='{\"font-size\":\"\",\"line-height\":\"\"}'  style=\"font-weight:normal;\"><\/p>\n<div class=\"page\" title=\"Page 8\">\n<div class=\"section\">\n<div class=\"layoutArea\">\n<div class=\"column\">\n<p>Wir bieten ma\u00dfgeschneiderte Dienstleistungen, die Hotels dabei unterst\u00fctzen Umsatzziele zu erreichen und Marktanteile auszubauen.<\/p>\n<\/div>\n<\/div>\n<\/div>\n<\/div>\n<p><\/div><\/div>[vc_column_text]<\/p>\n<ul>\n<li>Partner Selektion und ausgew\u00e4hlte Sales Aktivit\u00e4ten<\/li>\n<li>Organisation von Sales Missions und Kundenevents<\/li>\n<li>Repr\u00e4sentation bei internationalen Branchen Events<\/li>\n<li>Organisation von Site Inspections und FAM Trips<\/li>\n<li>Konkurrenzanalyse und Benchmarking<\/li>\n<li>Post Covid-19 Ma\u00dfnahmen<\/li>\n<\/ul>\n<p>[\/vc_column_text][\/vc_column][\/vc_row][vc_row content_placement=&#8220;middle&#8220; css=&#8220;.vc_custom_1611549730107{margin-top: 50px !important;margin-right: 0px !important;margin-left: 0px !important;padding-top: 25px !important;padding-bottom: 25px !important;}&#8220;][vc_column parallax=&#8220;content-moving&#8220; parallax_image=&#8220;1896&#8243; width=&#8220;5\/12&#8243; css=&#8220;.vc_custom_1648924016782{margin-top: -60px !important;margin-right: 0px !important;padding-top: 200px !important;padding-right: 0px !important;padding-bottom: 200px !important;}&#8220; offset=&#8220;vc_hidden-xs&#8220; el_class=&#8220;figMin&#8220;][\/vc_column][vc_column width=&#8220;7\/12&#8243; css=&#8220;.vc_custom_1648923638699{padding-top: 140px !important;padding-right: 0px !important;padding-bottom: 130px !important;padding-left: 80px !important;}&#8220; offset=&#8220;vc_hidden-xs&#8220;]<div id=\"ultimate-heading-708469d2f52d99d8c\" class=\"uvc-heading ult-adjust-bottom-margin ultimate-heading-708469d2f52d99d8c uvc-8610  uvc-heading-default-font-sizes\" data-hspacer=\"no_spacer\"  data-halign=\"left\" style=\"text-align:left\"><div class=\"uvc-heading-spacer no_spacer\" style=\"top\"><\/div><div class=\"uvc-main-heading ult-responsive\"  data-ultimate-target='.uvc-heading.ultimate-heading-708469d2f52d99d8c h2'  data-responsive-json-new='{\"font-size\":\"\",\"line-height\":\"\"}' ><h2 style=\"--font-weight:theme;margin-bottom:20px;\">Sales Repr\u00e4sentation<\/h2><\/div><div class=\"uvc-sub-heading ult-responsive\"  data-ultimate-target='.uvc-heading.ultimate-heading-708469d2f52d99d8c .uvc-sub-heading '  data-responsive-json-new='{\"font-size\":\"\",\"line-height\":\"\"}'  style=\"font-weight:normal;\"><\/p>\n<div class=\"page\" title=\"Page 8\">\n<div class=\"section\">\n<div class=\"layoutArea\">\n<div class=\"column\">\n<p>Wir bieten ma\u00dfgeschneiderte L\u00f6sungen und unterst\u00fctzen unsere Partner (Hotels, Villen, Reiseziele und DMCs) dabei, ihre Umsatzziele zu erreichen und ihre Marktanteile auszubauen.<\/p>\n<\/div>\n<\/div>\n<\/div>\n<\/div>\n<p><\/div><\/div>[vc_column_text]<\/p>\n<ul>\n<li>Identifikation und Auswahl der Zielgruppen\/Key-Account-Kunden<\/li>\n<li>Entwicklung eines Strategiekonzeptes mit Zeitpl\u00e4nen und Zielen<\/li>\n<li>Kontinuierliche Kommunikation mit der Reisebranche, einschlie\u00dflich hochklassiger Reiseb\u00fcros, Konsortiumspartner, Reiseveranstalter und Concierge Services.<\/li>\n<li>Organisation von FAM-Trips, Verkaufsreisen und Kunden-Events.<\/li>\n<li>Teilnahme an Workshops und Produktschulungen<\/li>\n<li>Repr\u00e4sentanz auf internationalen Fachmessen<\/li>\n<li>Regelm\u00e4\u00dfiges Feedback und aktuelle Informationen \u00fcber Trends und Entwicklungen der M\u00e4rkte.<\/li>\n<\/ul>\n<p>[\/vc_column_text][\/vc_column][\/vc_row][vc_row content_placement=&#8220;middle&#8220;][vc_column parallax=&#8220;content-moving&#8220; parallax_image=&#8220;2041&#8243; css=&#8220;.vc_custom_1611548691598{padding-top: 200px !important;padding-bottom: 200px !important;}&#8220; offset=&#8220;vc_hidden-lg vc_hidden-md vc_hidden-sm&#8220;][\/vc_column][vc_column css=&#8220;.vc_custom_1611548560649{padding-top: 25px !important;padding-bottom: 25px !important;}&#8220; offset=&#8220;vc_hidden-lg vc_hidden-md vc_hidden-sm&#8220;]<div id=\"ultimate-heading-365869d2f52d99e07\" class=\"uvc-heading ult-adjust-bottom-margin ultimate-heading-365869d2f52d99e07 uvc-8696  uvc-heading-default-font-sizes\" data-hspacer=\"no_spacer\"  data-halign=\"left\" style=\"text-align:left\"><div class=\"uvc-heading-spacer no_spacer\" style=\"top\"><\/div><div class=\"uvc-main-heading ult-responsive\"  data-ultimate-target='.uvc-heading.ultimate-heading-365869d2f52d99e07 h2'  data-responsive-json-new='{\"font-size\":\"\",\"line-height\":\"\"}' ><h2 style=\"--font-weight:theme;margin-bottom:35px;\">Beratung<\/h2><\/div><div class=\"uvc-sub-heading ult-responsive\"  data-ultimate-target='.uvc-heading.ultimate-heading-365869d2f52d99e07 .uvc-sub-heading '  data-responsive-json-new='{\"font-size\":\"\",\"line-height\":\"\"}'  style=\"font-weight:normal;\"><\/p>\n<div class=\"page\" title=\"Page 8\">\n<div class=\"section\">\n<div class=\"layoutArea\">\n<div class=\"column\">\n<p>Wir analysieren sorgf\u00e4ltig und verstehen unsere T\u00e4tigkeit ganzheitlich. Sowohl f\u00fcr bestehende Hotels als auch f\u00fcr neue Hotelentwicklungen.<\/p>\n<\/div>\n<\/div>\n<\/div>\n<\/div>\n<p><\/div><\/div>[vc_column_text]<\/p>\n<ul>\n<li>Strategieentwicklung und Marktpositionierung<\/li>\n<li>Strategieimplementierung<\/li>\n<li>Definition der Zielgruppen und M\u00e4rkte<\/li>\n<li>Marketingma\u00dfnahmen in Bezug auf Produkt-, Preis- und Distributionspolitik<\/li>\n<li>Team (Re)Strukturierung<\/li>\n<\/ul>\n<p>[\/vc_column_text][\/vc_column][\/vc_row][vc_row content_placement=&#8220;middle&#8220; css=&#8220;.vc_custom_1611548769767{margin-right: 0px !important;margin-left: 0px !important;padding-top: 25px !important;padding-bottom: 25px !important;}&#8220;][vc_column width=&#8220;7\/12&#8243; css=&#8220;.vc_custom_1648923621775{padding-right: 80px !important;padding-left: 0px !important;}&#8220; offset=&#8220;vc_hidden-xs&#8220;]<div id=\"ultimate-heading-572469d2f52d99e71\" class=\"uvc-heading ult-adjust-bottom-margin ultimate-heading-572469d2f52d99e71 uvc-5984  uvc-heading-default-font-sizes\" data-hspacer=\"no_spacer\"  data-halign=\"left\" style=\"text-align:left\"><div class=\"uvc-heading-spacer no_spacer\" style=\"top\"><\/div><div class=\"uvc-main-heading ult-responsive\"  data-ultimate-target='.uvc-heading.ultimate-heading-572469d2f52d99e71 h2'  data-responsive-json-new='{\"font-size\":\"\",\"line-height\":\"\"}' ><h2 style=\"--font-weight:theme;margin-bottom:35px;\">Kommunikation<\/h2><\/div><\/div><div id=\"ultimate-heading-370469d2f52d99ef2\" class=\"uvc-heading ult-adjust-bottom-margin ultimate-heading-370469d2f52d99ef2 uvc-1276  uvc-heading-default-font-sizes\" data-hspacer=\"no_spacer\"  data-halign=\"left\" style=\"text-align:left\"><div class=\"uvc-heading-spacer no_spacer\" style=\"top\"><\/div><div class=\"uvc-main-heading ult-responsive\"  data-ultimate-target='.uvc-heading.ultimate-heading-370469d2f52d99ef2 h3'  data-responsive-json-new='{\"font-size\":\"\",\"line-height\":\"\"}' ><h3 style=\"--font-weight:theme;margin-bottom:15px;\">Public Relations<\/h3><\/div><div class=\"uvc-sub-heading ult-responsive\"  data-ultimate-target='.uvc-heading.ultimate-heading-370469d2f52d99ef2 .uvc-sub-heading '  data-responsive-json-new='{\"font-size\":\"\",\"line-height\":\"\"}'  style=\"font-weight:normal;\">Wir realisieren ma\u00dfgeschneiderte, nachhaltige und individuelle Kommunikationsl\u00f6sungen.<\/div><\/div>[vc_column_text]<\/p>\n<ul>\n<li>Enwicklung und Durchf\u00fchrung von Multimediakampagnen f\u00fcr ausgew\u00e4hlte Zielgruppen.<\/li>\n<li>Aufbau und Pflege der Kontakte zu Schl\u00fcsselmedien sowie zu Influencern und Bloggern<\/li>\n<li>Erstellen von Pressemitteilungen und Pr\u00e4sentationen \/ Ausscheibungen<\/li>\n<li>Spannendes Storytelling<\/li>\n<li>Organisation und Durchf\u00fchrung von Presse Events<\/li>\n<li>Auswahl von passenden Awards sowie Anmeldung und Einreichen der Unterlagen.<\/li>\n<li>Media Reporting<\/li>\n<\/ul>\n<p>[\/vc_column_text]<div id=\"ultimate-heading-379069d2f52d99f6e\" class=\"uvc-heading ult-adjust-bottom-margin ultimate-heading-379069d2f52d99f6e uvc-4083 \" data-hspacer=\"no_spacer\"  data-halign=\"left\" style=\"text-align:left\"><div class=\"uvc-heading-spacer no_spacer\" style=\"top\"><\/div><div class=\"uvc-sub-heading ult-responsive\"  data-ultimate-target='.uvc-heading.ultimate-heading-379069d2f52d99f6e .uvc-sub-heading '  data-responsive-json-new='{\"font-size\":\"\",\"line-height\":\"\"}'  style=\"font-weight:normal;margin-top:30px;\"><\/p>\n<h3>Social Media<\/h3>\n<p>Wir unterst\u00fctzen sie dabei ihr Hotel in der digitalen Welt sichtbar zu machen.<\/div><\/div>[vc_column_text]<\/p>\n<ul>\n<li>Social Media Marketing<\/li>\n<li>Inhalts- und Themenerstellung<\/li>\n<li>Community Management<\/li>\n<li>Digitale Influencer-Kampagnen und Kooperationen<\/li>\n<li>Markenpartnerschaften<\/li>\n<\/ul>\n<p>[\/vc_column_text][\/vc_column][vc_column parallax=&#8220;content-moving&#8220; parallax_image=&#8220;1898&#8243; width=&#8220;5\/12&#8243; css=&#8220;.vc_custom_1648924028749{margin-top: -60px !important;margin-right: 0px !important;padding-top: 200px !important;padding-right: 0px !important;padding-bottom: 200px !important;}&#8220; offset=&#8220;vc_hidden-xs&#8220; el_class=&#8220;figMin&#8220;][\/vc_column][\/vc_row][vc_row content_placement=&#8220;middle&#8220; css=&#8220;.vc_custom_1611549644021{margin-top: 50px !important;margin-right: 0px !important;margin-left: 0px !important;padding-bottom: 80px !important;}&#8220;][vc_column parallax=&#8220;content-moving&#8220; parallax_image=&#8220;2041&#8243; width=&#8220;5\/12&#8243; css=&#8220;.vc_custom_1648924038707{padding-top: 140px !important;padding-right: 80px !important;padding-bottom: 130px !important;padding-left: 80px !important;}&#8220; offset=&#8220;vc_hidden-xs&#8220; el_class=&#8220;figMin&#8220;][\/vc_column][vc_column width=&#8220;7\/12&#8243; css=&#8220;.vc_custom_1648923792654{padding-top: 140px !important;padding-right: 0px !important;padding-bottom: 140px !important;padding-left: 80px !important;}&#8220; offset=&#8220;vc_hidden-xs&#8220;]<div id=\"ultimate-heading-964869d2f52d99fdd\" class=\"uvc-heading ult-adjust-bottom-margin ultimate-heading-964869d2f52d99fdd uvc-5096  uvc-heading-default-font-sizes\" data-hspacer=\"no_spacer\"  data-halign=\"left\" style=\"text-align:left\"><div class=\"uvc-heading-spacer no_spacer\" style=\"top\"><\/div><div class=\"uvc-main-heading ult-responsive\"  data-ultimate-target='.uvc-heading.ultimate-heading-964869d2f52d99fdd h2'  data-responsive-json-new='{\"font-size\":\"\",\"line-height\":\"\"}' ><h2 style=\"--font-weight:theme;margin-bottom:20px;\">Beratung<\/h2><\/div><div class=\"uvc-sub-heading ult-responsive\"  data-ultimate-target='.uvc-heading.ultimate-heading-964869d2f52d99fdd .uvc-sub-heading '  data-responsive-json-new='{\"font-size\":\"\",\"line-height\":\"\"}'  style=\"font-weight:normal;\"><\/p>\n<div class=\"page\" title=\"Page 8\">\n<div class=\"section\">\n<div class=\"layoutArea\">\n<div class=\"column\">\n<p>Wir analysieren sorgf\u00e4ltig und verstehen unsere T\u00e4tigkeit ganzheitlich. Sowohl f\u00fcr bestehende Hotels als auch f\u00fcr neue Hotelentwicklungen.<\/p>\n<\/div>\n<\/div>\n<\/div>\n<\/div>\n<p><\/div><\/div>[vc_column_text]<\/p>\n<ul>\n<li>Strategieentwicklung und -umsetzung<\/li>\n<li>Marktanalyse und Benchmarking<\/li>\n<li>Definition der Zielgruppen und der wichtigsten Zielm\u00e4rkte<\/li>\n<li>Empfehlung von Produkt-, Preis- und Vertriebsstrategien<\/li>\n<li>Teamrestrukturierung<\/li>\n<\/ul>\n<p>[\/vc_column_text][\/vc_column][\/vc_row][vc_row content_placement=&#8220;middle&#8220; css=&#8220;.vc_custom_1611548929277{padding-top: 25px !important;padding-bottom: 25px !important;}&#8220;][vc_column parallax=&#8220;content-moving&#8220; parallax_image=&#8220;1898&#8243; css=&#8220;.vc_custom_1611548920905{padding-top: 200px !important;padding-bottom: 200px !important;}&#8220; offset=&#8220;vc_hidden-lg vc_hidden-md vc_hidden-sm&#8220;][\/vc_column][vc_column css=&#8220;.vc_custom_1611548949808{padding-top: 25px !important;padding-bottom: 25px !important;}&#8220; offset=&#8220;vc_hidden-lg vc_hidden-md vc_hidden-sm&#8220;]<div id=\"ultimate-heading-583269d2f52d9a051\" class=\"uvc-heading ult-adjust-bottom-margin ultimate-heading-583269d2f52d9a051 uvc-7692  uvc-heading-default-font-sizes\" data-hspacer=\"no_spacer\"  data-halign=\"left\" style=\"text-align:left\"><div class=\"uvc-heading-spacer no_spacer\" style=\"top\"><\/div><div class=\"uvc-main-heading ult-responsive\"  data-ultimate-target='.uvc-heading.ultimate-heading-583269d2f52d9a051 h2'  data-responsive-json-new='{\"font-size\":\"\",\"line-height\":\"\"}' ><h2 style=\"--font-weight:theme;margin-bottom:35px;\">Kommunikation<\/h2><\/div><\/div><div id=\"ultimate-heading-1569d2f52d9a0dd\" class=\"uvc-heading ult-adjust-bottom-margin ultimate-heading-1569d2f52d9a0dd uvc-5163  uvc-heading-default-font-sizes\" data-hspacer=\"no_spacer\"  data-halign=\"left\" style=\"text-align:left\"><div class=\"uvc-heading-spacer no_spacer\" style=\"top\"><\/div><div class=\"uvc-main-heading ult-responsive\"  data-ultimate-target='.uvc-heading.ultimate-heading-1569d2f52d9a0dd h3'  data-responsive-json-new='{\"font-size\":\"\",\"line-height\":\"\"}' ><h3 style=\"--font-weight:theme;margin-bottom:15px;\">Public Relation<\/h3><\/div><div class=\"uvc-sub-heading ult-responsive\"  data-ultimate-target='.uvc-heading.ultimate-heading-1569d2f52d9a0dd .uvc-sub-heading '  data-responsive-json-new='{\"font-size\":\"\",\"line-height\":\"\"}'  style=\"font-weight:normal;\">Wir realisieren ma\u00dfgeschneiderte, nachhaltige und individuelle Kommunikationsl\u00f6sungen.<\/div><\/div>[vc_column_text]<\/p>\n<ul>\n<li>Marktanalyse<\/li>\n<li>Entwicklung der PR Strategie<\/li>\n<li>Media Monitoring<\/li>\n<li>Organisation und Durchf\u00fchrung von Presse Events<\/li>\n<li>Aufbau und Pflege der Beziehungen zu Schl\u00fcsselmedien<\/li>\n<li>Aufbau und Pflege der Beziehungen zur Influencer- und Blogger-Szene<\/li>\n<\/ul>\n<p>[\/vc_column_text]<div id=\"ultimate-heading-640269d2f52d9a14e\" class=\"uvc-heading ult-adjust-bottom-margin ultimate-heading-640269d2f52d9a14e uvc-5607 \" data-hspacer=\"no_spacer\"  data-halign=\"left\" style=\"text-align:left\"><div class=\"uvc-heading-spacer no_spacer\" style=\"top\"><\/div><div class=\"uvc-sub-heading ult-responsive\"  data-ultimate-target='.uvc-heading.ultimate-heading-640269d2f52d9a14e .uvc-sub-heading '  data-responsive-json-new='{\"font-size\":\"\",\"line-height\":\"\"}'  style=\"font-weight:normal;margin-top:30px;\"><\/p>\n<h3>Online Marketing<span style=\"font-size: 18px;\"> \u2013 auf Anfrage<\/span><\/h3>\n<p>Wir unterst\u00fctzen sie dabei ihr Hotel in der digitalen Welt sichtbar zu machen.<\/div><\/div>[vc_column_text]<\/p>\n<ul>\n<li>Suchmaschinenoptimierung (SEO)<\/li>\n<li>Social Media Marketing<\/li>\n<li>Kreation von Inhalten und Themen (Storytelling)<\/li>\n<li>Blog &amp; Influencer Marketing<\/li>\n<li>Google Ads (SEA)<\/li>\n<li>E-Newsletter<\/li>\n<\/ul>\n<p>[\/vc_column_text][\/vc_column][\/vc_row]<\/p>\n","protected":false},"excerpt":{"rendered":"<p>[vc_row content_placement=&#8220;middle&#8220;][vc_column parallax=&#8220;content-moving&#8220; parallax_image=&#8220;1896&#8243; css=&#8220;.vc_custom_1611548521511{padding-top: 200px !important;padding-bottom: 200px !important;}&#8220; offset=&#8220;vc_hidden-lg vc_hidden-md vc_hidden-sm&#8220;][\/vc_column][vc_column css=&#8220;.vc_custom_1611548637368{padding-top: 25px !important;padding-bottom: 25px !important;}&#8220; offset=&#8220;vc_hidden-lg vc_hidden-md vc_hidden-sm&#8220;][vc_column_text] Partner Selektion und ausgew\u00e4hlte Sales Aktivit\u00e4ten Organisation von Sales Missions und Kundenevents Repr\u00e4sentation bei internationalen Branchen Events Organisation von Site Inspections und FAM Trips Konkurrenzanalyse und Benchmarking Post Covid-19 Ma\u00dfnahmen [\/vc_column_text][\/vc_column][\/vc_row][vc_row content_placement=&#8220;middle&#8220; css=&#8220;.vc_custom_1611549730107{margin-top: 50px !important;margin-right:&hellip;<\/p>\n","protected":false},"author":2,"featured_media":0,"parent":0,"menu_order":0,"comment_status":"closed","ping_status":"closed","template":"","meta":{"inline_featured_image":false,"footnotes":""},"_links":{"self":[{"href":"https:\/\/rg-collection.com\/de\/wp-json\/wp\/v2\/pages\/2427"}],"collection":[{"href":"https:\/\/rg-collection.com\/de\/wp-json\/wp\/v2\/pages"}],"about":[{"href":"https:\/\/rg-collection.com\/de\/wp-json\/wp\/v2\/types\/page"}],"author":[{"embeddable":true,"href":"https:\/\/rg-collection.com\/de\/wp-json\/wp\/v2\/users\/2"}],"replies":[{"embeddable":true,"href":"https:\/\/rg-collection.com\/de\/wp-json\/wp\/v2\/comments?post=2427"}],"version-history":[{"count":11,"href":"https:\/\/rg-collection.com\/de\/wp-json\/wp\/v2\/pages\/2427\/revisions"}],"predecessor-version":[{"id":3560,"href":"https:\/\/rg-collection.com\/de\/wp-json\/wp\/v2\/pages\/2427\/revisions\/3560"}],"wp:attachment":[{"href":"https:\/\/rg-collection.com\/de\/wp-json\/wp\/v2\/media?parent=2427"}],"curies":[{"name":"wp","href":"https:\/\/api.w.org\/{rel}","templated":true}]}}