{"id":2425,"date":"2021-01-26T13:38:35","date_gmt":"2021-01-26T13:38:35","guid":{"rendered":"https:\/\/rg-collection.flywheelstaging.com\/referenzen\/"},"modified":"2022-04-03T08:10:55","modified_gmt":"2022-04-03T08:10:55","slug":"referenzen","status":"publish","type":"page","link":"https:\/\/rg-collection.com\/de\/referenzen\/","title":{"rendered":"Referenzen"},"content":{"rendered":"<p>[vc_row][vc_column]<style type=\"text\/css\" data-type=\"the7_shortcodes-inline-css\">.dt-testimonials-shortcode.testimonials-masonry-shortcode-id-08f31d1cced15919db986dad732a18fb .testimonial-item {\n  padding: 30px 30px 30px 30px;\n}\n.dt-testimonials-shortcode.testimonials-masonry-shortcode-id-08f31d1cced15919db986dad732a18fb .testimonial-name,\n.dt-testimonials-shortcode.testimonials-masonry-shortcode-id-08f31d1cced15919db986dad732a18fb .testimonial-name a,\n.dt-testimonials-shortcode.testimonials-masonry-shortcode-id-08f31d1cced15919db986dad732a18fb .testimonial-name span {\n  margin-bottom: 0px;\n  font-size: 20px;\n  font-weight: bold;\n}\n.dt-testimonials-shortcode.testimonials-masonry-shortcode-id-08f31d1cced15919db986dad732a18fb .testimonial-position {\n  margin-bottom: 20px;\n}\n.dt-testimonials-shortcode.testimonials-masonry-shortcode-id-08f31d1cced15919db986dad732a18fb .testimonial-position,\n.dt-testimonials-shortcode.testimonials-masonry-shortcode-id-08f31d1cced15919db986dad732a18fb .testimonial-position span {\n  font-weight: bold;\n}\n.dt-testimonials-shortcode.testimonials-masonry-shortcode-id-08f31d1cced15919db986dad732a18fb  .testimonial-avatar {\n  padding: 0px 20px 20px 0px;\n}\n.dt-testimonials-shortcode.testimonials-masonry-shortcode-id-08f31d1cced15919db986dad732a18fb  .testimonial-avatar a,\n.dt-testimonials-shortcode.testimonials-masonry-shortcode-id-08f31d1cced15919db986dad732a18fb  .testimonial-avatar span,\n.dt-testimonials-shortcode.testimonials-masonry-shortcode-id-08f31d1cced15919db986dad732a18fb  .testimonial-avatar img {\n  max-width: 120px;\n}\n.dt-testimonials-shortcode.testimonials-masonry-shortcode-id-08f31d1cced15919db986dad732a18fb .dt-css-grid .testimonial-avatar img,\n.dt-testimonials-shortcode.testimonials-masonry-shortcode-id-08f31d1cced15919db986dad732a18fb .dt-css-grid .testimonial-avatar svg {\n  max-width: 100%;\n}\n.dt-testimonials-shortcode.testimonials-masonry-shortcode-id-08f31d1cced15919db986dad732a18fb.layout-5:not(.hide-testimonial-avatar) .content-wrap,\n.dt-testimonials-shortcode.testimonials-masonry-shortcode-id-08f31d1cced15919db986dad732a18fb.layout-6:not(.hide-testimonial-avatar) .content-wrap {\n  width: calc(100% - 120px - 20px - 0px);\n}\n.dt-testimonials-shortcode.testimonials-masonry-shortcode-id-08f31d1cced15919db986dad732a18fb .testimonial-content {\n  margin-bottom: 0px;\n  font-size: 14px;\n}\n.dt-testimonials-shortcode.testimonials-masonry-shortcode-id-08f31d1cced15919db986dad732a18fb  .testimonial-avatar,\n.dt-testimonials-shortcode.testimonials-masonry-shortcode-id-08f31d1cced15919db986dad732a18fb  .testimonial-avatar a.rollover,\n.dt-testimonials-shortcode.testimonials-masonry-shortcode-id-08f31d1cced15919db986dad732a18fb  .testimonial-avatar a.rollover *,\n.dt-testimonials-shortcode.testimonials-masonry-shortcode-id-08f31d1cced15919db986dad732a18fb  .testimonial-avatar img,\n.dt-testimonials-shortcode.testimonials-masonry-shortcode-id-08f31d1cced15919db986dad732a18fb  .testimonial-avatar .no-avatar,\n.dt-testimonials-shortcode.testimonials-masonry-shortcode-id-08f31d1cced15919db986dad732a18fb  .testim-no-avatar {\n  border-radius: 120px;\n}\n.dt-testimonials-shortcode.testimonials-masonry-shortcode-id-08f31d1cced15919db986dad732a18fb  .testimonial-avatar .no-avatar {\n  height: 120px;\n}\n.dt-testimonials-shortcode.testimonials-masonry-shortcode-id-08f31d1cced15919db986dad732a18fb  .testimonial-avatar .no-avatar {\n  font-size: 120px;\n  width: 120px;\n}\n.dt-testimonials-shortcode.testimonials-masonry-shortcode-id-08f31d1cced15919db986dad732a18fb .filter-bg-decoration .filter-categories a.act {\n  color: #fff;\n}\n.dt-testimonials-shortcode.testimonials-masonry-shortcode-id-08f31d1cced15919db986dad732a18fb:not(.resize-by-browser-width) .dt-css-grid {\n  grid-row-gap: 30px;\n  grid-column-gap: 30px;\n  grid-template-columns: repeat(auto-fill,minmax(,1fr));\n}\n.cssgridlegacy.no-cssgrid .dt-testimonials-shortcode.testimonials-masonry-shortcode-id-08f31d1cced15919db986dad732a18fb:not(.resize-by-browser-width) .dt-css-grid,\n.no-cssgridlegacy.no-cssgrid .dt-testimonials-shortcode.testimonials-masonry-shortcode-id-08f31d1cced15919db986dad732a18fb:not(.resize-by-browser-width) .dt-css-grid {\n  display: flex;\n  flex-flow: row wrap;\n  margin: -15px;\n}\n.cssgridlegacy.no-cssgrid .dt-testimonials-shortcode.testimonials-masonry-shortcode-id-08f31d1cced15919db986dad732a18fb:not(.resize-by-browser-width) .dt-css-grid .wf-cell,\n.no-cssgridlegacy.no-cssgrid .dt-testimonials-shortcode.testimonials-masonry-shortcode-id-08f31d1cced15919db986dad732a18fb:not(.resize-by-browser-width) .dt-css-grid .wf-cell {\n  flex: 1 0 ;\n  max-width: 100%;\n  padding: 15px;\n  box-sizing: border-box;\n}\n.dt-testimonials-shortcode.testimonials-masonry-shortcode-id-08f31d1cced15919db986dad732a18fb.resize-by-browser-width .dt-css-grid {\n  grid-template-columns: repeat(2,1fr);\n  grid-template-rows: auto;\n  grid-column-gap: 30px;\n  grid-row-gap: 30px;\n}\n.cssgridlegacy.no-cssgrid .dt-testimonials-shortcode.testimonials-masonry-shortcode-id-08f31d1cced15919db986dad732a18fb.resize-by-browser-width .dt-css-grid,\n.no-cssgridlegacy.no-cssgrid .dt-testimonials-shortcode.testimonials-masonry-shortcode-id-08f31d1cced15919db986dad732a18fb.resize-by-browser-width .dt-css-grid {\n  margin: -15px;\n}\n.cssgridlegacy.no-cssgrid .dt-testimonials-shortcode.testimonials-masonry-shortcode-id-08f31d1cced15919db986dad732a18fb.resize-by-browser-width .dt-css-grid .wf-cell,\n.no-cssgridlegacy.no-cssgrid .dt-testimonials-shortcode.testimonials-masonry-shortcode-id-08f31d1cced15919db986dad732a18fb.resize-by-browser-width .dt-css-grid .wf-cell {\n  width: 50%;\n  padding: 15px;\n}\n@media screen and (max-width: 1199px) {\n  .dt-testimonials-shortcode.testimonials-masonry-shortcode-id-08f31d1cced15919db986dad732a18fb.resize-by-browser-width .dt-css-grid {\n    grid-template-columns: repeat(2,1fr);\n  }\n  .cssgridlegacy.no-cssgrid .dt-testimonials-shortcode.testimonials-masonry-shortcode-id-08f31d1cced15919db986dad732a18fb.resize-by-browser-width .dt-css-grid .wf-cell,\n  .no-cssgridlegacy.no-cssgrid .dt-testimonials-shortcode.testimonials-masonry-shortcode-id-08f31d1cced15919db986dad732a18fb.resize-by-browser-width .dt-css-grid .wf-cell {\n    width: 50%;\n  }\n}\n@media screen and (max-width: 991px) {\n  .dt-testimonials-shortcode.testimonials-masonry-shortcode-id-08f31d1cced15919db986dad732a18fb.resize-by-browser-width .dt-css-grid {\n    grid-template-columns: repeat(1,1fr);\n  }\n  .cssgridlegacy.no-cssgrid .dt-testimonials-shortcode.testimonials-masonry-shortcode-id-08f31d1cced15919db986dad732a18fb.resize-by-browser-width .dt-css-grid .wf-cell,\n  .no-cssgridlegacy.no-cssgrid .dt-testimonials-shortcode.testimonials-masonry-shortcode-id-08f31d1cced15919db986dad732a18fb.resize-by-browser-width .dt-css-grid .wf-cell {\n    width: 100%;\n  }\n}\n@media screen and (max-width: 767px) {\n  .dt-testimonials-shortcode.testimonials-masonry-shortcode-id-08f31d1cced15919db986dad732a18fb.resize-by-browser-width .dt-css-grid {\n    grid-template-columns: repeat(1,1fr);\n  }\n  .cssgridlegacy.no-cssgrid .dt-testimonials-shortcode.testimonials-masonry-shortcode-id-08f31d1cced15919db986dad732a18fb.resize-by-browser-width .dt-css-grid .wf-cell,\n  .no-cssgridlegacy.no-cssgrid .dt-testimonials-shortcode.testimonials-masonry-shortcode-id-08f31d1cced15919db986dad732a18fb.resize-by-browser-width .dt-css-grid .wf-cell {\n    width: 100%;\n  }\n}\n<\/style><div class=\"dt-testimonials-masonry-shortcode dt-testimonials-shortcode testimonials-masonry-shortcode-id-08f31d1cced15919db986dad732a18fb loading-effect-none content-align-left mode-grid content-bg-on layout-4 scale-img dt-css-grid-wrap jquery-filter dt-css-grid-wrap resize-by-browser-width  \" data-padding=\"15px\" data-cur-page=\"1\" data-post-limit=\"-1\" data-pagination-mode=\"none\" data-desktop-columns-num=\"2\" data-v-tablet-columns-num=\"1\" data-h-tablet-columns-num=\"2\" data-phone-columns-num=\"1\" data-width=\"0px\" data-columns=\"0\"><div class=\"dt-css-grid\" ><div class=\"visible wf-cell\" data-post-id=\"3179\" data-date=\"2022-06-18T09:47:42+00:00\" data-name=\"Christian Pertl, Chief Commercial Officer, The Lux Collectives.\"><div class=\"testimonial-item post visible\"><div class=\"testimonial-author\"><div class=\"testimonial-avatar\"><span class=\"testimonial-thumb layzr-bg\"><img decoding=\"async\" class=\"preload-me iso-lazy-load aspect\" src=\"data:image\/svg+xml,%3Csvg%20xmlns%3D&#39;http%3A%2F%2Fwww.w3.org%2F2000%2Fsvg&#39;%20viewBox%3D&#39;0%200%20120%20120&#39;%2F%3E\" data-src=\"https:\/\/rg-collection.com\/wp-content\/uploads\/2022\/06\/Christian-Pertl-120x120.jpg\" data-srcset=\"https:\/\/rg-collection.com\/wp-content\/uploads\/2022\/06\/Christian-Pertl-120x120.jpg 120w, https:\/\/rg-collection.com\/wp-content\/uploads\/2022\/06\/Christian-Pertl-240x240.jpg 240w\" loading=\"eager\" style=\"--ratio: 120 \/ 120\" sizes=\"(max-width: 120px) 100vw, 120px\" width=\"120\" height=\"120\"   alt=\"\" \/><\/span><\/div><div class=\"testimonial-vcard\"><div class=\"testimonial-name\"><span class=\"text-primary\">Christian Pertl, Chief Commercial Officer, The Lux Collectives.<\/span><br \/><\/div><div class=\"testimonial-position\"><\/div><\/div><\/div><div class=\"testimonial-content\">\n<p>I have had the pleasure to work with Sabine during my time as Regional VP Sales Operation Middle East &amp; Africa for Hyatt. Sabine is a highly respected individual in the luxury hospitality industry, very passionate and with a great sense of humor. She is committed, enthusiastic and driven to deliver great results. With Sabine &amp; Isabels background and expertise, I can only recommend Renner &amp; Grosse to any partner looking for sales representation<\/p>\n<\/div><\/div><\/div><div class=\"visible wf-cell\" data-post-id=\"3178\" data-date=\"2022-06-18T09:46:31+00:00\" data-name=\"Ghassan Al Khatib, Head of Products, Ember Lifestyle.\"><div class=\"testimonial-item post visible\"><div class=\"testimonial-author\"><div class=\"testimonial-avatar\"><span class=\"testimonial-thumb layzr-bg\"><img decoding=\"async\" class=\"preload-me iso-lazy-load aspect\" src=\"data:image\/svg+xml,%3Csvg%20xmlns%3D&#39;http%3A%2F%2Fwww.w3.org%2F2000%2Fsvg&#39;%20viewBox%3D&#39;0%200%20120%20120&#39;%2F%3E\" data-src=\"https:\/\/rg-collection.com\/wp-content\/uploads\/2022\/06\/Ghassan-Khatib-120x120.jpg\" data-srcset=\"https:\/\/rg-collection.com\/wp-content\/uploads\/2022\/06\/Ghassan-Khatib-120x120.jpg 120w, https:\/\/rg-collection.com\/wp-content\/uploads\/2022\/06\/Ghassan-Khatib-240x240.jpg 240w\" loading=\"eager\" style=\"--ratio: 120 \/ 120\" sizes=\"(max-width: 120px) 100vw, 120px\" width=\"120\" height=\"120\"   alt=\"\" \/><\/span><\/div><div class=\"testimonial-vcard\"><div class=\"testimonial-name\"><span class=\"text-primary\">Ghassan Al Khatib, Head of Products, Ember Lifestyle.<\/span><br \/><\/div><div class=\"testimonial-position\"><\/div><\/div><\/div><div class=\"testimonial-content\">\n<p>It is a pleasure to recommend R&amp;G Collection. Great experience, perfect hospitality background and most important is the approach they have for partners represented in GCC. Their work is very much personalized and tailor-made for each partner. It is not easy to find such a dedicated team who would go the extra mile to ensure objectives are met.<\/p>\n<\/div><\/div><\/div><div class=\"visible wf-cell\" data-post-id=\"2467\" data-date=\"2021-01-26T15:33:46+00:00\" data-name=\"Susanne Singer, Managing Director &lt;br\/&gt; Onefinemoment\"><div class=\"testimonial-item post visible\"><div class=\"testimonial-author\"><div class=\"testimonial-avatar\"><span class=\"testimonial-thumb layzr-bg\"><img decoding=\"async\" class=\"preload-me iso-lazy-load aspect\" src=\"data:image\/svg+xml,%3Csvg%20xmlns%3D&#39;http%3A%2F%2Fwww.w3.org%2F2000%2Fsvg&#39;%20viewBox%3D&#39;0%200%20120%20120&#39;%2F%3E\" data-src=\"https:\/\/rg-collection.com\/wp-content\/uploads\/2019\/07\/Susi-Singer-120x120.jpg\" data-srcset=\"https:\/\/rg-collection.com\/wp-content\/uploads\/2019\/07\/Susi-Singer-120x120.jpg 120w, https:\/\/rg-collection.com\/wp-content\/uploads\/2019\/07\/Susi-Singer.jpg 210w\" loading=\"eager\" style=\"--ratio: 120 \/ 120\" sizes=\"(max-width: 120px) 100vw, 120px\" width=\"120\" height=\"120\"   alt=\"\" \/><\/span><\/div><div class=\"testimonial-vcard\"><div class=\"testimonial-name\"><span class=\"text-primary\">Susanne Singer, Managing Director <br\/> Onefinemoment<\/span><br \/><\/div><div class=\"testimonial-position\"><\/div><\/div><\/div><div class=\"testimonial-content\"><p>Ich kenne Isabel schon viele Jahre und habe die Zusammenarbeit mit Ihr stets genossen. Durch Ihre herzliche, h\u00f6chst professionelle Art war Isabel schon immer eine meiner Lieblingskooperationspartnerinnen der Branche.<\/p>\n<\/div><\/div><\/div><div class=\"visible wf-cell\" data-post-id=\"2441\" data-date=\"2021-01-26T13:51:27+00:00\" data-name=\"Gudio Graf, Owner &lt;\/br&gt;Deluxetargets-Virtuoso Member\"><div class=\"testimonial-item post visible\"><div class=\"testimonial-author\"><div class=\"testimonial-avatar\"><span class=\"testimonial-thumb layzr-bg\"><img decoding=\"async\" class=\"preload-me iso-lazy-load aspect\" src=\"data:image\/svg+xml,%3Csvg%20xmlns%3D&#39;http%3A%2F%2Fwww.w3.org%2F2000%2Fsvg&#39;%20viewBox%3D&#39;0%200%20120%20120&#39;%2F%3E\" data-src=\"https:\/\/rg-collection.com\/wp-content\/uploads\/2019\/07\/Guido-Graf-120x120.jpg\" data-srcset=\"https:\/\/rg-collection.com\/wp-content\/uploads\/2019\/07\/Guido-Graf-120x120.jpg 120w, https:\/\/rg-collection.com\/wp-content\/uploads\/2019\/07\/Guido-Graf-240x240.jpg 240w\" loading=\"eager\" style=\"--ratio: 120 \/ 120\" sizes=\"(max-width: 120px) 100vw, 120px\" width=\"120\" height=\"120\"   alt=\"\" \/><\/span><\/div><div class=\"testimonial-vcard\"><div class=\"testimonial-name\"><span class=\"text-primary\">Gudio Graf, Owner <\/br>Deluxetargets-Virtuoso Member<\/span><br \/><\/div><div class=\"testimonial-position\"><\/div><\/div><\/div><div class=\"testimonial-content\"><p>Ich kenne Isabel und Sabine nun schon seit vielen Jahre. Die Kombination der beiden ist perfekt und verspricht Resultate. Sabine verf\u00fcgt \u00fcber langj\u00e4hrige Erfahrung bei Top Brands wie Marriott und Hyatt. Es war immer ein Vergn\u00fcgen mit Ihr zusammen zu arbeiten, da Sie stets bem\u00fcht war, jedem Gast ein perfektes Hotelerlebnis zu bescheren. Isabel habe ich in Ihren Starwood Zeiten kennengelernt und dann w\u00e4hrend Ihrer Zeit im Schloss Elmau den Kontakt intensiviert. Als Sie dann bei Preferred Hotels \u00fcbernommen hat, war Sie mein direkter Ansprechpartner f\u00fcr alle Hotels und hat hier durch Ihre strategischen Geschicke viel bewegt. Gemeinsam bringen die beiden fundiertes Wissen auf allen Hotel Ebenen \u2013 gepaart mit viel Herzblut und Leidenschaft, kann man dieses Power-Duo nur w\u00e4rmestens empfehlen.<\/p>\n<\/div><\/div><\/div><div class=\"visible wf-cell\" data-post-id=\"2440\" data-date=\"2021-01-26T13:51:12+00:00\" data-name=\"Stefan + Ingo Meyr, Managing Director and Owner &lt;br\/&gt;Nova Reisen GmbH\"><div class=\"testimonial-item post visible\"><div class=\"testimonial-author\"><div class=\"testimonial-avatar\"><span class=\"testimonial-thumb layzr-bg\"><img decoding=\"async\" class=\"preload-me iso-lazy-load aspect\" src=\"data:image\/svg+xml,%3Csvg%20xmlns%3D&#39;http%3A%2F%2Fwww.w3.org%2F2000%2Fsvg&#39;%20viewBox%3D&#39;0%200%20120%20120&#39;%2F%3E\" data-src=\"https:\/\/rg-collection.com\/wp-content\/uploads\/2019\/07\/Nova--120x120.png\" data-srcset=\"https:\/\/rg-collection.com\/wp-content\/uploads\/2019\/07\/Nova--120x120.png 120w, https:\/\/rg-collection.com\/wp-content\/uploads\/2019\/07\/Nova--240x240.png 240w\" loading=\"eager\" style=\"--ratio: 120 \/ 120\" sizes=\"(max-width: 120px) 100vw, 120px\" width=\"120\" height=\"120\"   alt=\"\" \/><\/span><\/div><div class=\"testimonial-vcard\"><div class=\"testimonial-name\"><span class=\"text-primary\">Stefan + Ingo Meyr, Managing Director and Owner <br\/>Nova Reisen GmbH<\/span><br \/><\/div><div class=\"testimonial-position\"><\/div><\/div><\/div><div class=\"testimonial-content\"><p>Finding a reliable partner, who knows exactly about the needs of our clients is always the biggest challenge. Over the years in her career as Sales &amp; Marketing Director at the Ritz Carlton Hotel in Dubai, The Martinez Grand Hyatt in Cannes and the Park Hyatt in Dubai we met Sabine Renner as a very professional partner in making the stay of our guests into a dream holiday. Sabine has always had a strong and loyal approach with the partners that she works with, including her passion for travelling and the hotel industry is an inspiration to all.<br \/>\nWe look forward to continue working with Sabine and her partner Isabel Grosse in future years.<\/p>\n<\/div><\/div><\/div><\/div><!-- iso-container|iso-grid --><\/div>[\/vc_column][\/vc_row]<\/p>\n","protected":false},"excerpt":{"rendered":"<p>[vc_row][vc_column][\/vc_column][\/vc_row]<\/p>\n","protected":false},"author":2,"featured_media":0,"parent":0,"menu_order":0,"comment_status":"closed","ping_status":"closed","template":"","meta":{"inline_featured_image":false,"footnotes":""},"_links":{"self":[{"href":"https:\/\/rg-collection.com\/de\/wp-json\/wp\/v2\/pages\/2425"}],"collection":[{"href":"https:\/\/rg-collection.com\/de\/wp-json\/wp\/v2\/pages"}],"about":[{"href":"https:\/\/rg-collection.com\/de\/wp-json\/wp\/v2\/types\/page"}],"author":[{"embeddable":true,"href":"https:\/\/rg-collection.com\/de\/wp-json\/wp\/v2\/users\/2"}],"replies":[{"embeddable":true,"href":"https:\/\/rg-collection.com\/de\/wp-json\/wp\/v2\/comments?post=2425"}],"version-history":[{"count":4,"href":"https:\/\/rg-collection.com\/de\/wp-json\/wp\/v2\/pages\/2425\/revisions"}],"predecessor-version":[{"id":2891,"href":"https:\/\/rg-collection.com\/de\/wp-json\/wp\/v2\/pages\/2425\/revisions\/2891"}],"wp:attachment":[{"href":"https:\/\/rg-collection.com\/de\/wp-json\/wp\/v2\/media?parent=2425"}],"curies":[{"name":"wp","href":"https:\/\/api.w.org\/{rel}","templated":true}]}}