{"id":2419,"date":"2021-01-26T13:37:15","date_gmt":"2021-01-26T13:37:15","guid":{"rendered":"https:\/\/rg-collection.flywheelstaging.com\/unsere-sammlung\/"},"modified":"2021-04-03T16:07:01","modified_gmt":"2021-04-03T16:07:01","slug":"unsere-collection","status":"publish","type":"page","link":"https:\/\/rg-collection.com\/de\/unsere-collection\/","title":{"rendered":"Unsere Collection"},"content":{"rendered":"<p>[vc_row full_width=&#8220;stretch_row&#8220; disable_element=&#8220;yes&#8220; bg_type=&#8220;image&#8220; parallax_style=&#8220;vcpb-default&#8220; bg_image_new=&#8220;id^2046|url^https:\/\/www.rg-collection.com\/wp-content\/uploads\/2021\/01\/ricardo-gomez-angel-5TctPMlipNU-unsplash-edited.jpg|caption^null|alt^null|title^ricardo-gomez-angel-5TctPMlipNU-unsplash-edited|description^null&#8220; bg_image_repeat=&#8220;no-repeat&#8220; css=&#8220;.vc_custom_1612441060039{margin-top: 0px !important;margin-bottom: 0px !important;padding-top: 200px !important;padding-bottom: 200px !important;}&#8220;][vc_column]<div id=\"ultimate-heading-198569e7361727d4b\" class=\"uvc-heading ult-adjust-bottom-margin ultimate-heading-198569e7361727d4b uvc-7746  uvc-heading-default-font-sizes\" data-hspacer=\"no_spacer\"  data-halign=\"left\" style=\"text-align:left\"><div class=\"uvc-heading-spacer no_spacer\" style=\"top\"><\/div><div class=\"uvc-main-heading ult-responsive\"  data-ultimate-target='.uvc-heading.ultimate-heading-198569e7361727d4b h1'  data-responsive-json-new='{\"font-size\":\"\",\"line-height\":\"\"}' ><h1 style=\"--font-weight:theme;color:#ffffff;\">In K\u00fcrze<\/h1><\/div><\/div>[\/vc_column][\/vc_row][vc_row][vc_column][vc_column_text]<\/p>\n<p>[\/vc_column_text][\/vc_column][\/vc_row][vc_row css=&#8220;.vc_custom_1612442514700{padding-top: 100px !important;padding-bottom: 100px !important;}&#8220;][vc_column width=&#8220;1\/3&#8243; css=&#8220;.vc_custom_1612777097085{padding-bottom: 50px !important;}&#8220;]<style type=\"text\/css\" data-type=\"the7_shortcodes-inline-css\">.gallery-carousel-shortcode.gallery-carousel-shortcode-id-96cbee3d3127a906d03e7562234c63d2 .owl-nav a {\n  width: 36px;\n  height: 36px;\n  border-radius: 500px;\n}\n.dt-arrow-border-on.gallery-carousel-shortcode.gallery-carousel-shortcode-id-96cbee3d3127a906d03e7562234c63d2 .owl-nav a:not(:hover):before {\n  border-width: 0px;\n}\n.dt-arrow-hover-border-on.gallery-carousel-shortcode.gallery-carousel-shortcode-id-96cbee3d3127a906d03e7562234c63d2 .owl-nav a:hover:after {\n  border-width: 0px;\n}\n.gallery-carousel-shortcode.gallery-carousel-shortcode-id-96cbee3d3127a906d03e7562234c63d2 .owl-nav a.owl-prev {\n  top: 50%;\n  transform: translateY(calc(-50% + 0px));\n  left: 20px;\n}\n@media all and (-ms-high-contrast: none) {\n  .gallery-carousel-shortcode.gallery-carousel-shortcode-id-96cbee3d3127a906d03e7562234c63d2 .owl-nav a.owl-prev {\n    transform: translateY(-50%);\n    margin-top: 0px;\n  }\n}\n.gallery-carousel-shortcode.gallery-carousel-shortcode-id-96cbee3d3127a906d03e7562234c63d2 .owl-nav a.owl-prev i {\n  padding: 0px 0px 0px 0px;\n}\n.gallery-carousel-shortcode.gallery-carousel-shortcode-id-96cbee3d3127a906d03e7562234c63d2 .owl-nav a.owl-next {\n  top: 50%;\n  transform: translateY(calc(-50% + 0px));\n  right: 20px;\n}\n@media all and (-ms-high-contrast: none) {\n  .gallery-carousel-shortcode.gallery-carousel-shortcode-id-96cbee3d3127a906d03e7562234c63d2 .owl-nav a.owl-next {\n    transform: translateY(-50%);\n    margin-top: 0px;\n  }\n}\n.gallery-carousel-shortcode.gallery-carousel-shortcode-id-96cbee3d3127a906d03e7562234c63d2 .owl-nav a.owl-next i {\n  padding: 0px 0px 0px 0px;\n}\n.gallery-carousel-shortcode.gallery-carousel-shortcode-id-96cbee3d3127a906d03e7562234c63d2 .owl-nav i {\n  font-size: 18px;\n}\n.gallery-carousel-shortcode.gallery-carousel-shortcode-id-96cbee3d3127a906d03e7562234c63d2 .owl-nav a:not(:hover) i,\n.gallery-carousel-shortcode.gallery-carousel-shortcode-id-96cbee3d3127a906d03e7562234c63d2 .owl-nav a:not(:hover) i:before {\n  color: #ffffff;\n  background: none;\n}\n.gallery-carousel-shortcode.gallery-carousel-shortcode-id-96cbee3d3127a906d03e7562234c63d2 .owl-nav a:hover i,\n.gallery-carousel-shortcode.gallery-carousel-shortcode-id-96cbee3d3127a906d03e7562234c63d2 .owl-nav a:hover i:before {\n  color: rgba(255,255,255,0.75);\n  background: none;\n}\n.gallery-carousel-shortcode.gallery-carousel-shortcode-id-96cbee3d3127a906d03e7562234c63d2 .owl-dots {\n  top: calc(100% + 20px);\n  left: 50%;\n  transform: translateX(calc(-50% + 0px));\n}\n@media all and (-ms-high-contrast: none) {\n  .gallery-carousel-shortcode.gallery-carousel-shortcode-id-96cbee3d3127a906d03e7562234c63d2 .owl-dots {\n    transform: translateX(-50%);\n    margin-left: 0px;\n  }\n}\n.gallery-carousel-shortcode.gallery-carousel-shortcode-id-96cbee3d3127a906d03e7562234c63d2 .owl-dot {\n  width: 10px;\n  height: 10px;\n  margin: 0 8px;\n}\n@media screen and (max-width: 778px) {\n  .gallery-carousel-shortcode.gallery-carousel-shortcode-id-96cbee3d3127a906d03e7562234c63d2.hide-arrows .owl-nav a {\n    display: none;\n  }\n}\n@media screen and (max-width: 778px) {\n  .gallery-carousel-shortcode.gallery-carousel-shortcode-id-96cbee3d3127a906d03e7562234c63d2.reposition-arrows .owl-nav .owl-prev {\n    top: 50%;\n    transform: translateY(calc(-50% + 0px));\n    left: 10px;\n  }\n  .gallery-carousel-shortcode.gallery-carousel-shortcode-id-96cbee3d3127a906d03e7562234c63d2.reposition-arrows .owl-nav .owl-next {\n    top: 50%;\n    transform: translateY(calc(-50% + 0px));\n    right: 10px;\n  }\n}\n@media screen and (max-width: 778px) and all and (-ms-high-contrast: none) {\n  .gallery-carousel-shortcode.gallery-carousel-shortcode-id-96cbee3d3127a906d03e7562234c63d2.reposition-arrows .owl-nav .owl-prev {\n    transform: translateY(-50%);\n    margin-top: 0px;\n  }\n}\n@media screen and (max-width: 778px) and all and (-ms-high-contrast: none) {\n  .gallery-carousel-shortcode.gallery-carousel-shortcode-id-96cbee3d3127a906d03e7562234c63d2.reposition-arrows .owl-nav .owl-next {\n    transform: translateY(-50%);\n    margin-top: 0px;\n  }\n}\n.gallery-carousel-shortcode.gallery-carousel-shortcode-id-96cbee3d3127a906d03e7562234c63d2 figure,\n.gallery-carousel-shortcode.gallery-carousel-shortcode-id-96cbee3d3127a906d03e7562234c63d2 .rollover,\n.gallery-carousel-shortcode.gallery-carousel-shortcode-id-96cbee3d3127a906d03e7562234c63d2 img,\n.gallery-carousel-shortcode.gallery-carousel-shortcode-id-96cbee3d3127a906d03e7562234c63d2 .gallery-rollover {\n  border-radius: 0px;\n}\n.gallery-carousel-shortcode.gallery-carousel-shortcode-id-96cbee3d3127a906d03e7562234c63d2.enable-bg-rollover .gallery-rollover {\n  background: -webkit-linear-gradient();\n  background: linear-gradient();\n}\n.gallery-carousel-shortcode.gallery-carousel-shortcode-id-96cbee3d3127a906d03e7562234c63d2.enable-img-shadow .owl-stage-outer {\n  padding: 4px 0;\n}\n.gallery-carousel-shortcode.gallery-carousel-shortcode-id-96cbee3d3127a906d03e7562234c63d2.enable-bg-rollover.hover-scale figure .rollover:after {\n  background: -webkit-linear-gradient();\n  background: linear-gradient();\n}\n.gallery-carousel-shortcode.gallery-carousel-shortcode-id-96cbee3d3127a906d03e7562234c63d2.gallery-shortcode .gallery-zoom-ico {\n  width: 44px;\n  height: 44px;\n  line-height: 44px;\n  border-radius: 100px;\n  margin: -22px 0 0 -22px;\n  border-width: 0px;\n}\n.dt-icon-bg-on.gallery-carousel-shortcode.gallery-carousel-shortcode-id-96cbee3d3127a906d03e7562234c63d2.gallery-shortcode .gallery-zoom-ico {\n  background: rgba(255,255,255,0.3);\n  box-shadow: none;\n}\n.gallery-carousel-shortcode.gallery-carousel-shortcode-id-96cbee3d3127a906d03e7562234c63d2.gallery-shortcode .gallery-zoom-ico:before,\n.gallery-carousel-shortcode.gallery-carousel-shortcode-id-96cbee3d3127a906d03e7562234c63d2.gallery-shortcode .gallery-zoom-ico span {\n  font-size: 32px;\n  line-height: 44px;\n  color: #ffffff;\n  background: none;\n}\n<\/style><div class=\"owl-carousel gallery-carousel-shortcode gallery-shortcode  dt-gallery-container dt-owl-carousel-call gallery-carousel-shortcode-id-96cbee3d3127a906d03e7562234c63d2 quick-scale-img enable-bg-rollover meta-info-off dt-arrow-border-on dt-arrow-hover-border-on bullets-small-dot-stroke reposition-arrows dt-icon-bg-off arrows-bg-on disable-arrows-hover-bg arrows-hover-bg-on  hover-fade \" data-scroll-mode=\"1\" data-col-num=\"1\" data-wide-col-num=\"1\" data-laptop-col=\"1\" data-h-tablet-columns-num=\"1\" data-v-tablet-columns-num=\"1\" data-phone-columns-num=\"1\" data-col-gap=\"0\" data-stage-padding=\"0\" data-speed=\"600\" data-autoplay=\"false\" data-autoplay_speed=\"6000\" data-arrows=\"true\" data-bullet=\"false\" data-next-icon=\"icon-ar-017-r\" data-prev-icon=\"icon-ar-017-l\" data-img-shadow-size=\"12px\" data-img-shadow-spread=\"3px\"><div data-post-id=\"2580\" data-date=\"2021-02-07T06:37:43+00:00\" data-name=\"Lobby Area\"><figure class=\"post\"><a href=\"https:\/\/rg-collection.com\/wp-content\/uploads\/2021\/02\/Lobby-Area-2.jpg\" class=\"rollover dt-pswp-item layzr-bg\" data-large_image_width=\"1201\" data-large_image_height=\"1201\" data-dt-img-description=\"\" title=\"Lobby Area\"><img fetchpriority=\"high\" decoding=\"async\" class=\"preload-me owl-lazy-load aspect\" src=\"data:image\/svg+xml,%3Csvg%20xmlns%3D&#39;http%3A%2F%2Fwww.w3.org%2F2000%2Fsvg&#39;%20viewBox%3D&#39;0%200%201201%201201&#39;%2F%3E\" data-src=\"https:\/\/rg-collection.com\/wp-content\/uploads\/2021\/02\/Lobby-Area-2.jpg\" data-srcset=\"https:\/\/rg-collection.com\/wp-content\/uploads\/2021\/02\/Lobby-Area-2.jpg 1201w\" loading=\"eager\" style=\"--ratio: 1201 \/ 1201\" sizes=\"(max-width: 1201px) 100vw, 1201px\" alt=\"\" width=\"1201\" height=\"1201\"  \/><span class=\"gallery-rollover\"><span class=\"gallery-zoom-ico icomoon-the7-font-the7-zoom-06\"><span><\/span><\/span><\/span><\/a><\/figure><\/div><div data-post-id=\"2576\" data-date=\"2021-02-07T06:37:37+00:00\" data-name=\"Deluxe King Room\"><figure class=\"post\"><a href=\"https:\/\/rg-collection.com\/wp-content\/uploads\/2021\/02\/Delux-king-cityview-1.jpg\" class=\"rollover dt-pswp-item layzr-bg\" data-large_image_width=\"1500\" data-large_image_height=\"1000\" data-dt-img-description=\"\" title=\"Deluxe King Room\"><img decoding=\"async\" class=\"preload-me owl-lazy-load aspect\" src=\"data:image\/svg+xml,%3Csvg%20xmlns%3D&#39;http%3A%2F%2Fwww.w3.org%2F2000%2Fsvg&#39;%20viewBox%3D&#39;0%200%201000%201000&#39;%2F%3E\" data-src=\"https:\/\/rg-collection.com\/wp-content\/uploads\/2021\/02\/Delux-king-cityview-1-1000x1000.jpg\" data-srcset=\"https:\/\/rg-collection.com\/wp-content\/uploads\/2021\/02\/Delux-king-cityview-1-1000x1000.jpg 1000w\" loading=\"eager\" style=\"--ratio: 1000 \/ 1000\" sizes=\"(max-width: 1000px) 100vw, 1000px\" alt=\"\" width=\"1000\" height=\"1000\"  \/><span class=\"gallery-rollover\"><span class=\"gallery-zoom-ico icomoon-the7-font-the7-zoom-06\"><span><\/span><\/span><\/span><\/a><\/figure><\/div><div data-post-id=\"2571\" data-date=\"2021-02-07T06:35:00+00:00\" data-name=\"Presidential Bathroom\"><figure class=\"post\"><a href=\"https:\/\/rg-collection.com\/wp-content\/uploads\/2021\/02\/presidentialbathroom-min.jpg\" class=\"rollover dt-pswp-item layzr-bg\" data-large_image_width=\"1500\" data-large_image_height=\"1001\" data-dt-img-description=\"\" title=\"Presidential Bathroom\"><img decoding=\"async\" class=\"preload-me owl-lazy-load aspect\" src=\"data:image\/svg+xml,%3Csvg%20xmlns%3D&#39;http%3A%2F%2Fwww.w3.org%2F2000%2Fsvg&#39;%20viewBox%3D&#39;0%200%201001%201001&#39;%2F%3E\" data-src=\"https:\/\/rg-collection.com\/wp-content\/uploads\/2021\/02\/presidentialbathroom-min-1001x1001.jpg\" data-srcset=\"https:\/\/rg-collection.com\/wp-content\/uploads\/2021\/02\/presidentialbathroom-min-1001x1001.jpg 1001w\" loading=\"eager\" style=\"--ratio: 1001 \/ 1001\" sizes=\"(max-width: 1001px) 100vw, 1001px\" alt=\"\" width=\"1001\" height=\"1001\"  \/><span class=\"gallery-rollover\"><span class=\"gallery-zoom-ico icomoon-the7-font-the7-zoom-06\"><span><\/span><\/span><\/span><\/a><\/figure><\/div><div data-post-id=\"2574\" data-date=\"2021-02-07T06:37:33+00:00\" data-name=\"Pool Area\"><figure class=\"post\"><a href=\"https:\/\/rg-collection.com\/wp-content\/uploads\/2021\/02\/Park-Hyatt-Doha-Pool-Area1.jpg\" class=\"rollover dt-pswp-item layzr-bg\" data-large_image_width=\"1125\" data-large_image_height=\"1500\" data-dt-img-description=\"\" title=\"Pool Area\"><img decoding=\"async\" class=\"preload-me owl-lazy-load aspect\" src=\"data:image\/svg+xml,%3Csvg%20xmlns%3D&#39;http%3A%2F%2Fwww.w3.org%2F2000%2Fsvg&#39;%20viewBox%3D&#39;0%200%201125%201125&#39;%2F%3E\" data-src=\"https:\/\/rg-collection.com\/wp-content\/uploads\/2021\/02\/Park-Hyatt-Doha-Pool-Area1-1125x1125.jpg\" data-srcset=\"https:\/\/rg-collection.com\/wp-content\/uploads\/2021\/02\/Park-Hyatt-Doha-Pool-Area1-1125x1125.jpg 1125w\" loading=\"eager\" style=\"--ratio: 1125 \/ 1125\" sizes=\"(max-width: 1125px) 100vw, 1125px\" alt=\"\" width=\"1125\" height=\"1125\"  \/><span class=\"gallery-rollover\"><span class=\"gallery-zoom-ico icomoon-the7-font-the7-zoom-06\"><span><\/span><\/span><\/span><\/a><\/figure><\/div><\/div>[\/vc_column][vc_column width=&#8220;2\/3&#8243;]<div id=\"ultimate-heading-388869e736172a560\" class=\"uvc-heading ult-adjust-bottom-margin ultimate-heading-388869e736172a560 uvc-3243  uvc-heading-default-font-sizes\" data-hspacer=\"no_spacer\"  data-halign=\"left\" style=\"text-align:left\"><div class=\"uvc-heading-spacer no_spacer\" style=\"top\"><\/div><div class=\"uvc-main-heading ult-responsive\"  data-ultimate-target='.uvc-heading.ultimate-heading-388869e736172a560 h2'  data-responsive-json-new='{\"font-size\":\"\",\"line-height\":\"\"}' ><h2 style=\"--font-weight:theme;margin-bottom:30px;\">Park Hyatt Doha<\/h2><\/div><\/div>[vc_column_text]Das 2019 er\u00f6ffnete Park Hyatt Doha ist ein luxuri\u00f6ses Retreat mitten in Msheireb Downtown, dem Tor zum kulturellen Herzen Dohas, ein Ort an dem G\u00e4ste einzigartige und bereichernde Momente erleben.<\/p>\n<p>Das Hotel holt den unaufdringlichen Luxus, f\u00fcr den Park Hyatt auf der ganzen Welt ber\u00fchmt ist, nach Doha und bietet 187 unverwechselbare G\u00e4stezimmer und Suiten, drei Restaurants und eine Terrassen-Lounge. Neben mehr als 2.000 Quadratmetern Tagungs- und Veranstaltungsfl\u00e4che verf\u00fcgt das Hotel auch \u00fcber 1.750 Quadratmeter an Erholungs- und Freizeiteinrichtungen, darunter ein Pool, ein Spa und ein Fitnesscenter.[\/vc_column_text]<span id=\"creative-link-wrap-5255\" class=\"ult_main_cl ult-adjust-bottom-margin fact-sheet-link \" >\n\t \t\t\t<span class=\"  ult_crlink\" >\n\t\t\t\t\t<a  data-ultimate-target='#creative-link-wrap-5255 .ult_colorlink'  data-responsive-json-new='{\"font-size\":\"\",\"line-height\":\"\"}'  href=\"https:\/\/www.rg-collection.com\/wp-content\/uploads\/2021\/02\/DOHPH-Final-Factsheet-Jan-2021.pdf\" title=\"Fact Sheet\" target=\"_blank\" rel=\"noopener\"  class=\"ult_colorlink ult-responsive  vc_custom_1612767874605\" style=\"float:left;font-weight:normal; \"  data-textcolor=\"#333333\" data-texthover=\"#333333\"data-style=\"\">\n\t\t\t\t\t\t\n\t\t\t\t\t\t<span data-hover=\"Download Fact Sheet\" style=\"color:#333333;;;\" class=\"ult_btn10_span   \">Download Fact Sheet<\/span>\n\t\t\t\t\t\t\n\t\t\t\t\t<\/a>\n\t\t\t\t<\/span>\n\t\t\t<\/span><span id=\"creative-link-wrap-7846\" class=\"ult_main_cl ult-adjust-bottom-margin fact-sheet-link \" >\n\t \t\t\t<span class=\"  ult_crlink\" >\n\t\t\t\t\t<a  data-ultimate-target='#creative-link-wrap-7846 .ult_colorlink'  data-responsive-json-new='{\"font-size\":\"\",\"line-height\":\"\"}'  href=\"https:\/\/www.hyatt.com\/en-US\/hotel\/qatar\/park-hyatt-doha\/dohph\" title=\"Website\" target=\"_blank\" rel=\"noopener\"  class=\"ult_colorlink ult-responsive  vc_custom_1612767882342\" style=\"float:left;font-weight:normal; \"  data-textcolor=\"#333333\" data-texthover=\"#333333\"data-style=\"\">\n\t\t\t\t\t\t\n\t\t\t\t\t\t<span data-hover=\"Siehe Webseite\" style=\"color:#333333;;;\" class=\"ult_btn10_span   \">Siehe Webseite<\/span>\n\t\t\t\t\t\t\n\t\t\t\t\t<\/a>\n\t\t\t\t<\/span>\n\t\t\t<\/span>[vc_column_text css=&#8220;.vc_custom_1612767475448{margin-top: 20px !important;}&#8220; el_class=&#8220;conscious-travel&#8220;]<\/p>\n<div>Msheireb Downtown Doha ist das weltweit erste nachhaltige Stadterneuerungsprojekt, welches das Zentrum g\u00e4nzlich ver\u00e4ndert hat. Dem Gedanken verpflichtet, setzt das Hotel eine Vielzahl von Nachhaltigkeitsaktivit\u00e4ten um und ist u.a. nach ISO22000, LEED und HACCP2020 zertifiziert.<\/div>\n<p>[\/vc_column_text][\/vc_column][\/vc_row]<\/p>\n","protected":false},"excerpt":{"rendered":"<p>[vc_row full_width=&#8220;stretch_row&#8220; disable_element=&#8220;yes&#8220; bg_type=&#8220;image&#8220; parallax_style=&#8220;vcpb-default&#8220; bg_image_new=&#8220;id^2046|url^https:\/\/www.rg-collection.com\/wp-content\/uploads\/2021\/01\/ricardo-gomez-angel-5TctPMlipNU-unsplash-edited.jpg|caption^null|alt^null|title^ricardo-gomez-angel-5TctPMlipNU-unsplash-edited|description^null&#8220; bg_image_repeat=&#8220;no-repeat&#8220; css=&#8220;.vc_custom_1612441060039{margin-top: 0px !important;margin-bottom: 0px !important;padding-top: 200px !important;padding-bottom: 200px !important;}&#8220;][vc_column][\/vc_column][\/vc_row][vc_row][vc_column][vc_column_text] [\/vc_column_text][\/vc_column][\/vc_row][vc_row css=&#8220;.vc_custom_1612442514700{padding-top: 100px !important;padding-bottom: 100px !important;}&#8220;][vc_column width=&#8220;1\/3&#8243; css=&#8220;.vc_custom_1612777097085{padding-bottom: 50px !important;}&#8220;][\/vc_column][vc_column width=&#8220;2\/3&#8243;][vc_column_text]Das 2019 er\u00f6ffnete Park Hyatt Doha ist ein luxuri\u00f6ses Retreat mitten in Msheireb Downtown, dem Tor zum kulturellen Herzen Dohas, ein Ort an dem G\u00e4ste einzigartige und bereichernde Momente&hellip;<\/p>\n","protected":false},"author":2,"featured_media":0,"parent":0,"menu_order":0,"comment_status":"closed","ping_status":"closed","template":"","meta":{"inline_featured_image":false,"footnotes":""},"_links":{"self":[{"href":"https:\/\/rg-collection.com\/de\/wp-json\/wp\/v2\/pages\/2419"}],"collection":[{"href":"https:\/\/rg-collection.com\/de\/wp-json\/wp\/v2\/pages"}],"about":[{"href":"https:\/\/rg-collection.com\/de\/wp-json\/wp\/v2\/types\/page"}],"author":[{"embeddable":true,"href":"https:\/\/rg-collection.com\/de\/wp-json\/wp\/v2\/users\/2"}],"replies":[{"embeddable":true,"href":"https:\/\/rg-collection.com\/de\/wp-json\/wp\/v2\/comments?post=2419"}],"version-history":[{"count":10,"href":"https:\/\/rg-collection.com\/de\/wp-json\/wp\/v2\/pages\/2419\/revisions"}],"predecessor-version":[{"id":2601,"href":"https:\/\/rg-collection.com\/de\/wp-json\/wp\/v2\/pages\/2419\/revisions\/2601"}],"wp:attachment":[{"href":"https:\/\/rg-collection.com\/de\/wp-json\/wp\/v2\/media?parent=2419"}],"curies":[{"name":"wp","href":"https:\/\/api.w.org\/{rel}","templated":true}]}}