{"id":2388,"date":"2021-01-26T12:55:47","date_gmt":"2021-01-26T12:55:47","guid":{"rendered":"https:\/\/rg-collection.flywheelstaging.com\/startseite\/"},"modified":"2022-04-06T08:23:06","modified_gmt":"2022-04-06T08:23:06","slug":"startseite","status":"publish","type":"page","link":"https:\/\/rg-collection.com\/de\/","title":{"rendered":"Startseite"},"content":{"rendered":"<p>[vc_row full_width=&#8220;stretch_row&#8220; content_placement=&#8220;middle&#8220; bg_type=&#8220;bg_color&#8220; css=&#8220;.vc_custom_1611151988934{padding-top: 100px !important;padding-bottom: 100px !important;}&#8220; bg_color_value=&#8220;#ffffff&#8220;][vc_column width=&#8220;5\/12&#8243; css=&#8220;.vc_custom_1609876819961{padding-right: 150px !important;}&#8220;][vc_single_image image=&#8220;2318&#8243; img_size=&#8220;full&#8220; el_class=&#8220;svg-logo&#8220; css=&#8220;.vc_custom_1611514910607{padding-bottom: 60px !important;}&#8220;][\/vc_column][vc_column width=&#8220;7\/12&#8243; css=&#8220;.vc_custom_1609876791930{margin-right: 0px !important;padding-right: 0px !important;background-position: center !important;background-repeat: no-repeat !important;background-size: cover !important;}&#8220;][vc_column_text css=&#8220;.vc_custom_1648908163342{margin-bottom: 30px !important;}&#8220;]<\/p>\n<p style=\"text-align: left; color: #323031; font-weight: bold;\">Renner &amp; Grosse Collection ist eine Boutique Repr\u00e4sentanz und Kommunikationsagentur f\u00fcr die Luxus Hotellerie und touristische Unternehmen mit Sitz in M\u00fcnchen und Dubai.<\/p>\n<p style=\"text-align: left; color: #323031;\">Wir bieten effiziente L\u00f6sungen f\u00fcr Hotels, Resorts, Villen und Destinationen, die ihr Gesch\u00e4ft aus den DACH-L\u00e4ndern (Deutschland, \u00d6sterreich, Schweiz) und\/oder GCC (Vereinigte Arabische Emirate, K\u00f6nigreich Saudi-Arabien, Kuwait, Katar, Oman &amp; Bahrain) ausbauen m\u00f6chten.<\/p>\n<p style=\"text-align: left; color: #323031;\">Durch unsere fundierten Kenntnisse der Luxushotellerie, sowie der umfangreichen Erfahrung im Bereich Vertrieb und Marketing, bieten wir unseren Partnern mit gr\u00f6\u00dftem Engagement professionelle, flexible und kompetente Unterst\u00fctzung, mit dem Ziel ihre Ertr\u00e4ge zu maximieren und Marktanteile zu steigern.<\/p>\n<p>[\/vc_column_text][vc_single_image image=&#8220;2337&#8243; img_size=&#8220;full&#8220; el_class=&#8220;signature&#8220;][vc_column_text]<\/p>\n<p style=\"font-size: 14px;\">Sabine Renner &amp; Isabel Grosse<\/p>\n<p>[\/vc_column_text][\/vc_column][\/vc_row][vc_row][vc_column][vc_column_text][\/vc_column_text][\/vc_column][\/vc_row][vc_row full_width=&#8220;stretch_row&#8220; content_placement=&#8220;middle&#8220; bg_type=&#8220;bg_color&#8220; css=&#8220;.vc_custom_1611544949201{padding-top: 75px !important;padding-bottom: 75px !important;}&#8220; bg_color_value=&#8220;#8b877c&#8220;][vc_column css=&#8220;.vc_custom_1611545069969{padding-top: 25px !important;padding-bottom: 25px !important;}&#8220; offset=&#8220;vc_hidden-lg vc_hidden-md vc_hidden-sm&#8220;][vc_single_image image=&#8220;2375&#8243; img_size=&#8220;full&#8220; style=&#8220;vc_box_circle_2&#8243;][\/vc_column][vc_column width=&#8220;7\/12&#8243; css=&#8220;.vc_custom_1611545124531{padding-top: 25px !important;padding-bottom: 25px !important;background-position: center !important;background-repeat: no-repeat !important;background-size: cover !important;}&#8220;]<div id=\"ultimate-heading-147169d2db9e6fc3c\" class=\"uvc-heading ult-adjust-bottom-margin ultimate-heading-147169d2db9e6fc3c uvc-2091  uvc-heading-default-font-sizes\" data-hspacer=\"no_spacer\"  data-halign=\"left\" style=\"text-align:left\"><div class=\"uvc-heading-spacer no_spacer\" style=\"top\"><\/div><div class=\"uvc-main-heading ult-responsive\"  data-ultimate-target='.uvc-heading.ultimate-heading-147169d2db9e6fc3c h2'  data-responsive-json-new='{\"font-size\":\"\",\"line-height\":\"\"}' ><h2 style=\"--font-weight:theme;color:#ffffff;margin-bottom:35px;\">Unsere Geschichte<\/h2><\/div><div class=\"uvc-sub-heading ult-responsive\"  data-ultimate-target='.uvc-heading.ultimate-heading-147169d2db9e6fc3c .uvc-sub-heading '  data-responsive-json-new='{\"font-size\":\"\",\"line-height\":\"\"}'  style=\"font-weight:normal;color:#ffffff;margin-bottom:30px;\">Sabine und Isabel lernten sich 2003, als sie f\u00fcr Starwood Hotels &amp; Resorts t\u00e4tig waren, kennen. In den letzten 20 Jahren verfolgten beide unabh\u00e4ngig voneinander ihre Karrieren im Bereich Vertrieb, Marketing und Kommunikation in der Luxushotellerie. Gleichzeitig hatten Sabine und Isabel aber immer die gemeinsame Vision einer eigenen Repr\u00e4sentanz- und Kommunikationsagentur.<\/p>\n<p>Im Jahr 2020 gr\u00fcndeten sie die RENNER &amp; GROSSE Collection. Mit B\u00fcros in M\u00fcnchen und Dubai betreut die Renner &amp; Grosse Collection zwei absolute Schl\u00fcsselm\u00e4rkte. Die Agentur bietet starke Beratungskompetenz und pers\u00f6nlichen Service mit einem Fokus auf verantwortungsvolles Reisen.<\/div><\/div><span id=\"creative-link-wrap-2358\" class=\"ult_main_cl ult-adjust-bottom-margin  \" >\n\t \t\t\t<span class=\"ult_cl_link_3  ult_crlink\" >\n\t\t\t\t\t<a  data-ultimate-target='#creative-link-wrap-2358 .ult_colorlink'  data-responsive-json-new='{\"font-size\":\"\",\"line-height\":\"\"}'  href=\"\/de\/about-us\" title=\"About Us\"  class=\"ult_colorlink ult-responsive  vc_custom_1611724245677\" style=\"float:left;font-weight:normal; \"  data-textcolor=\"#ffffff\" data-texthover=\"#ffffff\"data-style=\"Style_3\">\n\t\t\t\t\t\t\n\t\t\t\t\t\t<span data-hover=\"Mehr erfahren\" style=\"color:#ffffff;;;\" class=\"ult_btn10_span   \">Mehr erfahren<\/span>\n\t\t\t\t\t\t<span class=\"ult_link_btm3 \" style=\"border-color:#ffffff;border-bottom-width:2px;border-style:solid;\"><\/span>\n\t\t\t\t\t<\/a>\n\t\t\t\t<\/span>\n\t\t\t<\/span>[\/vc_column][vc_column width=&#8220;1\/3&#8243; offset=&#8220;vc_col-lg-offset-1 vc_hidden-xs&#8220;][vc_single_image image=&#8220;2375&#8243; img_size=&#8220;full&#8220; style=&#8220;vc_box_circle_2&#8243;][\/vc_column][\/vc_row][vc_row full_width=&#8220;stretch_row_content&#8220; gap=&#8220;30&#8243; content_placement=&#8220;middle&#8220; css=&#8220;.vc_custom_1609909910460{margin-right: 0px !important;margin-left: 0px !important;}&#8220;][vc_column parallax=&#8220;content-moving&#8220; parallax_image=&#8220;1896&#8243; width=&#8220;1\/3&#8243; css=&#8220;.vc_custom_1610811158879{padding-top: 175px !important;padding-bottom: 175px !important;}&#8220; el_class=&#8220;service-block&#8220;]<div id=\"ultimate-heading-174869d2db9e6fddc\" class=\"uvc-heading ult-adjust-bottom-margin ultimate-heading-174869d2db9e6fddc uvc-6553  uvc-heading-default-font-sizes\" data-hspacer=\"no_spacer\"  data-halign=\"center\" style=\"text-align:center\"><div class=\"uvc-heading-spacer no_spacer\" style=\"top\"><\/div><div class=\"uvc-main-heading ult-responsive\"  data-ultimate-target='.uvc-heading.ultimate-heading-174869d2db9e6fddc h2'  data-responsive-json-new='{\"font-size\":\"\",\"line-height\":\"\"}' ><h2 style=\"--font-weight:theme;color:#ffffff;margin-bottom:30px;\">Sales Repr\u00e4sentation<\/h2><\/div><\/div><span id=\"creative-link-wrap-3646\" class=\"ult_main_cl ult-adjust-bottom-margin  \" >\n\t \t\t\t<span class=\"ult_cl_link_3  ult_crlink\" >\n\t\t\t\t\t<a  data-ultimate-target='#creative-link-wrap-3646 .ult_colorlink'  data-responsive-json-new='{\"font-size\":\"\",\"line-height\":\"\"}'  href=\"\/de\/services\" title=\"Services\"  class=\"ult_colorlink ult-responsive  vc_custom_1611724261001\" style=\"font-weight:normal; \"  data-textcolor=\"#ffffff\" data-texthover=\"#ffffff\"data-style=\"Style_3\">\n\t\t\t\t\t\t\n\t\t\t\t\t\t<span data-hover=\"Mehr erfahren\" style=\"color:#ffffff;;;\" class=\"ult_btn10_span   \">Mehr erfahren<\/span>\n\t\t\t\t\t\t<span class=\"ult_link_btm3 \" style=\"border-color:#ffffff;border-bottom-width:2px;border-style:solid;\"><\/span>\n\t\t\t\t\t<\/a>\n\t\t\t\t<\/span>\n\t\t\t<\/span>[\/vc_column][vc_column parallax=&#8220;content-moving&#8220; parallax_image=&#8220;2041&#8243; width=&#8220;1\/3&#8243; el_class=&#8220;service-block&#8220; css=&#8220;.vc_custom_1610799648254{padding-top: 175px !important;padding-bottom: 175px !important;}&#8220;]<div id=\"ultimate-heading-886869d2db9e6fec1\" class=\"uvc-heading ult-adjust-bottom-margin ultimate-heading-886869d2db9e6fec1 uvc-5656  uvc-heading-default-font-sizes\" data-hspacer=\"no_spacer\"  data-halign=\"center\" style=\"text-align:center\"><div class=\"uvc-heading-spacer no_spacer\" style=\"top\"><\/div><div class=\"uvc-main-heading ult-responsive\"  data-ultimate-target='.uvc-heading.ultimate-heading-886869d2db9e6fec1 h2'  data-responsive-json-new='{\"font-size\":\"\",\"line-height\":\"\"}' ><h2 style=\"--font-weight:theme;color:#ffffff;margin-bottom:30px;\">Beratung<\/h2><\/div><\/div><span id=\"creative-link-wrap-5308\" class=\"ult_main_cl ult-adjust-bottom-margin  \" >\n\t \t\t\t<span class=\"ult_cl_link_3  ult_crlink\" >\n\t\t\t\t\t<a  data-ultimate-target='#creative-link-wrap-5308 .ult_colorlink'  data-responsive-json-new='{\"font-size\":\"\",\"line-height\":\"\"}'  href=\"\/de\/services\" title=\"Services\"  class=\"ult_colorlink ult-responsive  vc_custom_1611724267507\" style=\"font-weight:normal; \"  data-textcolor=\"#ffffff\" data-texthover=\"#ffffff\"data-style=\"Style_3\">\n\t\t\t\t\t\t\n\t\t\t\t\t\t<span data-hover=\"Mehr erfahren\" style=\"color:#ffffff;;;\" class=\"ult_btn10_span   \">Mehr erfahren<\/span>\n\t\t\t\t\t\t<span class=\"ult_link_btm3 \" style=\"border-color:#ffffff;border-bottom-width:2px;border-style:solid;\"><\/span>\n\t\t\t\t\t<\/a>\n\t\t\t\t<\/span>\n\t\t\t<\/span>[\/vc_column][vc_column parallax=&#8220;content-moving&#8220; parallax_image=&#8220;1898&#8243; width=&#8220;1\/3&#8243; el_class=&#8220;service-block&#8220; css=&#8220;.vc_custom_1609915627236{padding-top: 175px !important;padding-bottom: 175px !important;}&#8220;]<div id=\"ultimate-heading-258569d2db9e6ff92\" class=\"uvc-heading ult-adjust-bottom-margin ultimate-heading-258569d2db9e6ff92 uvc-5493  uvc-heading-default-font-sizes\" data-hspacer=\"no_spacer\"  data-halign=\"center\" style=\"text-align:center\"><div class=\"uvc-heading-spacer no_spacer\" style=\"top\"><\/div><div class=\"uvc-main-heading ult-responsive\"  data-ultimate-target='.uvc-heading.ultimate-heading-258569d2db9e6ff92 h2'  data-responsive-json-new='{\"font-size\":\"\",\"line-height\":\"\"}' ><h2 style=\"--font-weight:theme;color:#ffffff;margin-bottom:30px;\">Kommunikation<\/h2><\/div><\/div><span id=\"creative-link-wrap-6667\" class=\"ult_main_cl ult-adjust-bottom-margin  \" >\n\t \t\t\t<span class=\"ult_cl_link_3  ult_crlink\" >\n\t\t\t\t\t<a  data-ultimate-target='#creative-link-wrap-6667 .ult_colorlink'  data-responsive-json-new='{\"font-size\":\"\",\"line-height\":\"\"}'  href=\"\/de\/services\" title=\"Services\"  class=\"ult_colorlink ult-responsive  vc_custom_1611724276938\" style=\"font-weight:normal; \"  data-textcolor=\"#ffffff\" data-texthover=\"#ffffff\"data-style=\"Style_3\">\n\t\t\t\t\t\t\n\t\t\t\t\t\t<span data-hover=\"Mehr erfahren\" style=\"color:#ffffff;;;\" class=\"ult_btn10_span   \">Mehr erfahren<\/span>\n\t\t\t\t\t\t<span class=\"ult_link_btm3 \" style=\"border-color:#ffffff;border-bottom-width:2px;border-style:solid;\"><\/span>\n\t\t\t\t\t<\/a>\n\t\t\t\t<\/span>\n\t\t\t<\/span>[\/vc_column][\/vc_row]<\/p>\n","protected":false},"excerpt":{"rendered":"<p>[vc_row full_width=&#8220;stretch_row&#8220; content_placement=&#8220;middle&#8220; bg_type=&#8220;bg_color&#8220; css=&#8220;.vc_custom_1611151988934{padding-top: 100px !important;padding-bottom: 100px !important;}&#8220; bg_color_value=&#8220;#ffffff&#8220;][vc_column width=&#8220;5\/12&#8243; css=&#8220;.vc_custom_1609876819961{padding-right: 150px !important;}&#8220;][vc_single_image image=&#8220;2318&#8243; img_size=&#8220;full&#8220; el_class=&#8220;svg-logo&#8220; css=&#8220;.vc_custom_1611514910607{padding-bottom: 60px !important;}&#8220;][\/vc_column][vc_column width=&#8220;7\/12&#8243; css=&#8220;.vc_custom_1609876791930{margin-right: 0px !important;padding-right: 0px !important;background-position: center !important;background-repeat: no-repeat !important;background-size: cover !important;}&#8220;][vc_column_text css=&#8220;.vc_custom_1648908163342{margin-bottom: 30px !important;}&#8220;] Renner &amp; Grosse Collection ist eine Boutique Repr\u00e4sentanz und Kommunikationsagentur f\u00fcr die Luxus Hotellerie und touristische Unternehmen mit Sitz in&hellip;<\/p>\n","protected":false},"author":2,"featured_media":0,"parent":0,"menu_order":0,"comment_status":"closed","ping_status":"closed","template":"","meta":{"inline_featured_image":false,"footnotes":""},"_links":{"self":[{"href":"https:\/\/rg-collection.com\/de\/wp-json\/wp\/v2\/pages\/2388"}],"collection":[{"href":"https:\/\/rg-collection.com\/de\/wp-json\/wp\/v2\/pages"}],"about":[{"href":"https:\/\/rg-collection.com\/de\/wp-json\/wp\/v2\/types\/page"}],"author":[{"embeddable":true,"href":"https:\/\/rg-collection.com\/de\/wp-json\/wp\/v2\/users\/2"}],"replies":[{"embeddable":true,"href":"https:\/\/rg-collection.com\/de\/wp-json\/wp\/v2\/comments?post=2388"}],"version-history":[{"count":10,"href":"https:\/\/rg-collection.com\/de\/wp-json\/wp\/v2\/pages\/2388\/revisions"}],"predecessor-version":[{"id":2992,"href":"https:\/\/rg-collection.com\/de\/wp-json\/wp\/v2\/pages\/2388\/revisions\/2992"}],"wp:attachment":[{"href":"https:\/\/rg-collection.com\/de\/wp-json\/wp\/v2\/media?parent=2388"}],"curies":[{"name":"wp","href":"https:\/\/api.w.org\/{rel}","templated":true}]}}